{"id":1068,"date":"2022-06-28T10:23:00","date_gmt":"2022-06-28T10:23:00","guid":{"rendered":"https:\/\/nova-renovables.com\/projectes\/"},"modified":"2023-03-21T14:50:27","modified_gmt":"2023-03-21T14:50:27","slug":"proyectos","status":"publish","type":"page","link":"https:\/\/nova-renovables.com\/es\/proyectos\/","title":{"rendered":"PROYECTOS"},"content":{"rendered":"<p>[et_pb_section fb_built=\u00bb1&#8243; admin_label=\u00bbSecci\u00f3n PROJECTES\u00bb module_id=\u00bbprojectes\u00bb module_class=\u00bbbox-post\u00bb _builder_version=\u00bb4.17.4&#8243; _module_preset=\u00bbdefault\u00bb locked=\u00bboff\u00bb global_colors_info=\u00bb{}\u00bb][et_pb_row _builder_version=\u00bb4.17.4&#8243; _module_preset=\u00bbdefault\u00bb locked=\u00bboff\u00bb global_colors_info=\u00bb{}\u00bb][et_pb_column type=\u00bb4_4&#8243; _builder_version=\u00bb4.17.4&#8243; _module_preset=\u00bbdefault\u00bb global_colors_info=\u00bb{}\u00bb][et_pb_text admin_label=\u00bbPROYECTOS\u00bb _builder_version=\u00bb4.17.4&#8243; _module_preset=\u00bbdefault\u00bb header_2_font_size=\u00bb41px\u00bb header_2_letter_spacing=\u00bb3px\u00bb header_2_font_size_tablet=\u00bb41px\u00bb header_2_font_size_phone=\u00bb32px\u00bb header_2_font_size_last_edited=\u00bbon|phone\u00bb global_colors_info=\u00bb{}\u00bb]<\/p>\n<h2 style=\"text-align: center; font-family: 'Raleway-Medium'; color: #0f2331;\">PROYECTOS<\/h2>\n<p>[\/et_pb_text][\/et_pb_column][\/et_pb_row][et_pb_row _builder_version=\u00bb4.17.4&#8243; _module_preset=\u00bbdefault\u00bb locked=\u00bboff\u00bb global_colors_info=\u00bb{}\u00bb][et_pb_column type=\u00bb4_4&#8243; _builder_version=\u00bb4.17.4&#8243; _module_preset=\u00bbdefault\u00bb global_colors_info=\u00bb{}\u00bb][et_pb_text admin_label=\u00bbAlgunos de nuestros casos de \u00e9xito\u00bb _builder_version=\u00bb4.17.4&#8243; _module_preset=\u00bbdefault\u00bb text_font_size=\u00bb33px\u00bb text_font_size_tablet=\u00bb33px\u00bb text_font_size_phone=\u00bb18px\u00bb text_font_size_last_edited=\u00bbon|phone\u00bb global_colors_info=\u00bb{}\u00bb]<\/p>\n<p style=\"text-align: center; font-family: 'Raleway-ExtraLight'; padding-bottom: 0px; color: #0f2331;\">Algunos de nuestros casos de \u00e9xito<\/p>\n<p>[\/et_pb_text][\/et_pb_column][\/et_pb_row][et_pb_row column_structure=\u00bb1_3,1_3,1_3&#8243; disabled_on=\u00bbon|on|on\u00bb admin_label=\u00bbGALER\u00cdA DE IM\u00c1GENES\u00bb module_class=\u00bbseccion_imagenes\u00bb _builder_version=\u00bb4.17.4&#8243; _module_preset=\u00bbdefault\u00bb max_width=\u00bb100%\u00bb custom_padding=\u00bb||65px||false|false\u00bb disabled=\u00bbon\u00bb global_colors_info=\u00bb{}\u00bb][et_pb_column type=\u00bb1_3&#8243; _builder_version=\u00bb4.17.4&#8243; _module_preset=\u00bbdefault\u00bb global_colors_info=\u00bb{}\u00bb][et_pb_text admin_label=\u00bbVall\u00e8s Oriental 6,08kWp\u00bb _builder_version=\u00bb4.17.4&#8243; _module_preset=\u00bbdefault\u00bb global_colors_info=\u00bb{}\u00bb]<img decoding=\"async\" class=\"aligncenter wp-image-735 size-full lazyload\" data-src=\"https:\/\/nova-renovables.com\/wp-content\/uploads\/2022\/06\/Valles-Oriental-608kWp_MODIFICADA.jpg\" alt=\"\" width=\"2024\" height=\"1349\" data-srcset=\"https:\/\/nova-renovables.com\/wp-content\/uploads\/2022\/06\/Valles-Oriental-608kWp_MODIFICADA.jpg 2024w, https:\/\/nova-renovables.com\/wp-content\/uploads\/2022\/06\/Valles-Oriental-608kWp_MODIFICADA-1280x853.jpg 1280w, https:\/\/nova-renovables.com\/wp-content\/uploads\/2022\/06\/Valles-Oriental-608kWp_MODIFICADA-980x653.jpg 980w, https:\/\/nova-renovables.com\/wp-content\/uploads\/2022\/06\/Valles-Oriental-608kWp_MODIFICADA-480x320.jpg 480w\" data-sizes=\"(min-width: 0px) and (max-width: 480px) 480px, (min-width: 481px) and (max-width: 980px) 980px, (min-width: 981px) and (max-width: 1280px) 1280px, (min-width: 1281px) 2024px, 100vw\" src=\"data:image\/gif;base64,R0lGODlhAQABAAAAACH5BAEKAAEALAAAAAABAAEAAAICTAEAOw==\" style=\"--smush-placeholder-width: 2024px; --smush-placeholder-aspect-ratio: 2024\/1349;\" \/><\/p>\n<h2 style=\"text-align: center; font-family: 'Raleway-SemiBold'; color: #0f2331;\">Vall\u00e8s Oriental 6,08kWp<\/h2>\n<p style=\"text-align: center; font-family: 'Raleway-Medium';\"><span style=\"font-size: 12pt;\">Habitatge a Lli\u00e7\u00e0 d\u2019Amunt, 2021<\/span><\/p>\n<p>[\/et_pb_text][\/et_pb_column][et_pb_column type=\u00bb1_3&#8243; _builder_version=\u00bb4.17.4&#8243; _module_preset=\u00bbdefault\u00bb global_colors_info=\u00bb{}\u00bb][et_pb_text admin_label=\u00bbVall\u00e8s Oriental 2,8kWp\u00bb _builder_version=\u00bb4.17.4&#8243; _module_preset=\u00bbdefault\u00bb global_colors_info=\u00bb{}\u00bb]<\/p>\n<p><img decoding=\"async\" class=\"aligncenter wp-image-734 size-full lazyload\" data-src=\"https:\/\/nova-renovables.com\/wp-content\/uploads\/2022\/06\/Valles-Oriental-28kWp_MODIFICADA.jpg\" alt=\"\" width=\"2024\" height=\"1349\" data-srcset=\"https:\/\/nova-renovables.com\/wp-content\/uploads\/2022\/06\/Valles-Oriental-28kWp_MODIFICADA.jpg 2024w, https:\/\/nova-renovables.com\/wp-content\/uploads\/2022\/06\/Valles-Oriental-28kWp_MODIFICADA-1280x853.jpg 1280w, https:\/\/nova-renovables.com\/wp-content\/uploads\/2022\/06\/Valles-Oriental-28kWp_MODIFICADA-980x653.jpg 980w, https:\/\/nova-renovables.com\/wp-content\/uploads\/2022\/06\/Valles-Oriental-28kWp_MODIFICADA-480x320.jpg 480w\" data-sizes=\"(min-width: 0px) and (max-width: 480px) 480px, (min-width: 481px) and (max-width: 980px) 980px, (min-width: 981px) and (max-width: 1280px) 1280px, (min-width: 1281px) 2024px, 100vw\" src=\"data:image\/gif;base64,R0lGODlhAQABAAAAACH5BAEKAAEALAAAAAABAAEAAAICTAEAOw==\" style=\"--smush-placeholder-width: 2024px; --smush-placeholder-aspect-ratio: 2024\/1349;\" \/><\/p>\n<h2 style=\"text-align: center; font-family: 'Raleway-SemiBold'; color: #0f2331;\">Vall\u00e8s Oriental 2,8kWp<\/h2>\n<p style=\"text-align: center; font-family: 'Raleway-Medium';\"><span style=\"font-size: 12pt;\">Habitatge a Lli\u00e7\u00e0 d\u2019Amunt, 2021<\/span><\/p>\n<p>[\/et_pb_text][\/et_pb_column][et_pb_column type=\u00bb1_3&#8243; _builder_version=\u00bb4.17.4&#8243; _module_preset=\u00bbdefault\u00bb global_colors_info=\u00bb{}\u00bb][et_pb_text admin_label=\u00bbVall\u00e8s Oriental 2,8kWp\u00bb _builder_version=\u00bb4.17.4&#8243; _module_preset=\u00bbdefault\u00bb global_colors_info=\u00bb{}\u00bb]<\/p>\n<p><img decoding=\"async\" class=\"aligncenter wp-image-736 size-full lazyload\" data-src=\"https:\/\/nova-renovables.com\/wp-content\/uploads\/2022\/06\/Valles-Oriental-624kWp_MODIFICADA.jpg\" alt=\"\" width=\"2024\" height=\"1352\" data-srcset=\"https:\/\/nova-renovables.com\/wp-content\/uploads\/2022\/06\/Valles-Oriental-624kWp_MODIFICADA.jpg 2024w, https:\/\/nova-renovables.com\/wp-content\/uploads\/2022\/06\/Valles-Oriental-624kWp_MODIFICADA-1280x855.jpg 1280w, https:\/\/nova-renovables.com\/wp-content\/uploads\/2022\/06\/Valles-Oriental-624kWp_MODIFICADA-980x655.jpg 980w, https:\/\/nova-renovables.com\/wp-content\/uploads\/2022\/06\/Valles-Oriental-624kWp_MODIFICADA-480x321.jpg 480w\" data-sizes=\"(min-width: 0px) and (max-width: 480px) 480px, (min-width: 481px) and (max-width: 980px) 980px, (min-width: 981px) and (max-width: 1280px) 1280px, (min-width: 1281px) 2024px, 100vw\" src=\"data:image\/gif;base64,R0lGODlhAQABAAAAACH5BAEKAAEALAAAAAABAAEAAAICTAEAOw==\" style=\"--smush-placeholder-width: 2024px; --smush-placeholder-aspect-ratio: 2024\/1352;\" \/><\/p>\n<h2 style=\"text-align: center; font-family: 'Raleway-SemiBold'; color: #0f2331;\">Vall\u00e8s Oriental 6,24kWp<\/h2>\n<p style=\"text-align: center; font-family: 'Raleway-Medium';\"><span style=\"font-size: 12pt;\">Habitatge a Canovelles, 2021<\/span><\/p>\n<p>[\/et_pb_text][\/et_pb_column][\/et_pb_row][et_pb_row disabled_on=\u00bboff|off|off\u00bb admin_label=\u00bbGALER\u00cdA DE IM\u00c1GENES\u00bb module_class=\u00bbpost-blog\u00bb _builder_version=\u00bb4.17.4&#8243; _module_preset=\u00bbdefault\u00bb max_width=\u00bb100%\u00bb custom_padding=\u00bb||65px||false|false\u00bb global_colors_info=\u00bb{}\u00bb][et_pb_column type=\u00bb4_4&#8243; _builder_version=\u00bb4.17.4&#8243; _module_preset=\u00bbdefault\u00bb global_colors_info=\u00bb{}\u00bb][et_pb_blog fullwidth=\u00bboff\u00bb posts_number=\u00bb9&#8243; include_categories=\u00bb63&#8243; show_content=\u00bbon\u00bb module_class=\u00bbblog\u00bb _builder_version=\u00bb4.17.4&#8243; _module_preset=\u00bbdefault\u00bb hover_enabled=\u00bb0&#8243; global_colors_info=\u00bb{}\u00bb sticky_enabled=\u00bb0&#8243;][\/et_pb_blog][\/et_pb_column][\/et_pb_row][\/et_pb_section]<\/p>\n","protected":false},"excerpt":{"rendered":"<p>PROYECTOSAlgunos de nuestros casos de \u00e9xito Vall\u00e8s Oriental 6,08kWp Habitatge a Lli\u00e7\u00e0 d\u2019Amunt, 2021 Vall\u00e8s Oriental 2,8kWp Habitatge a Lli\u00e7\u00e0 d\u2019Amunt, 2021 Vall\u00e8s Oriental 6,24kWp Habitatge a Canovelles, 2021<\/p>\n","protected":false},"author":1,"featured_media":999,"parent":0,"menu_order":0,"comment_status":"closed","ping_status":"closed","template":"","meta":{"_et_pb_use_builder":"on","_et_pb_old_content":"","_et_gb_content_width":"","content-type":"","footnotes":""},"class_list":["post-1068","page","type-page","status-publish","has-post-thumbnail","hentry"],"yoast_head":"<!-- This site is optimized with the Yoast SEO plugin v20.3 - https:\/\/yoast.com\/wordpress\/plugins\/seo\/ -->\n<title>PROYECTOS - Nova Renovables<\/title>\n<meta name=\"description\" content=\"Algunos de los proyectos de instalaci\u00f3n de placas solares fotovoltaicas realizadas para hogares y empresas en Catalunya.\" \/>\n<meta name=\"robots\" content=\"index, follow, max-snippet:-1, max-image-preview:large, max-video-preview:-1\" \/>\n<link rel=\"canonical\" href=\"https:\/\/nova-renovables.com\/es\/proyectos\/\" \/>\n<meta property=\"og:locale\" content=\"es_ES\" \/>\n<meta property=\"og:type\" content=\"article\" \/>\n<meta property=\"og:title\" content=\"PROYECTOS - Nova Renovables\" \/>\n<meta property=\"og:description\" content=\"Algunos de los proyectos de instalaci\u00f3n de placas solares fotovoltaicas realizadas para hogares y empresas en Catalunya.\" \/>\n<meta property=\"og:url\" content=\"https:\/\/nova-renovables.com\/es\/proyectos\/\" \/>\n<meta property=\"og:site_name\" content=\"Nova Renovables\" \/>\n<meta property=\"article:publisher\" content=\"https:\/\/www.facebook.com\/profile.php?id=100083390712206\" \/>\n<meta property=\"article:modified_time\" content=\"2023-03-21T14:50:27+00:00\" \/>\n<meta property=\"og:image\" content=\"https:\/\/nova-renovables.com\/wp-content\/uploads\/2022\/06\/cropped-LOGO-NOVA_Mesa-de-trabajo-1-copia-3.png\" \/>\n\t<meta property=\"og:image:width\" content=\"512\" \/>\n\t<meta property=\"og:image:height\" content=\"512\" \/>\n\t<meta property=\"og:image:type\" content=\"image\/png\" \/>\n<meta name=\"twitter:card\" content=\"summary_large_image\" \/>\n<meta name=\"twitter:label1\" content=\"Tiempo de lectura\" \/>\n\t<meta name=\"twitter:data1\" content=\"2 minutos\" \/>\n<script type=\"application\/ld+json\" class=\"yoast-schema-graph\">{\"@context\":\"https:\/\/schema.org\",\"@graph\":[{\"@type\":\"WebPage\",\"@id\":\"https:\/\/nova-renovables.com\/es\/proyectos\/\",\"url\":\"https:\/\/nova-renovables.com\/es\/proyectos\/\",\"name\":\"PROYECTOS - Nova Renovables\",\"isPartOf\":{\"@id\":\"https:\/\/nova-renovables.com\/#website\"},\"datePublished\":\"2022-06-28T10:23:00+00:00\",\"dateModified\":\"2023-03-21T14:50:27+00:00\",\"description\":\"Algunos de los proyectos de instalaci\u00f3n de placas solares fotovoltaicas realizadas para hogares y empresas en Catalunya.\",\"breadcrumb\":{\"@id\":\"https:\/\/nova-renovables.com\/es\/proyectos\/#breadcrumb\"},\"inLanguage\":\"es\",\"potentialAction\":[{\"@type\":\"ReadAction\",\"target\":[\"https:\/\/nova-renovables.com\/es\/proyectos\/\"]}]},{\"@type\":\"BreadcrumbList\",\"@id\":\"https:\/\/nova-renovables.com\/es\/proyectos\/#breadcrumb\",\"itemListElement\":[{\"@type\":\"ListItem\",\"position\":1,\"name\":\"Inici\",\"item\":\"https:\/\/nova-renovables.com\/es\/\"},{\"@type\":\"ListItem\",\"position\":2,\"name\":\"PROYECTOS\"}]},{\"@type\":\"WebSite\",\"@id\":\"https:\/\/nova-renovables.com\/#website\",\"url\":\"https:\/\/nova-renovables.com\/\",\"name\":\"Nova Renovables\",\"description\":\"Empresa de energ\u00eda solar. Instalaci\u00f3n de placas solares fotovoltaicas para autoconsumo, bater\u00edas, cargador de coche el\u00e9ctrico, aerotermia, consultor\u00eda energ\u00e9tica.\",\"potentialAction\":[{\"@type\":\"SearchAction\",\"target\":{\"@type\":\"EntryPoint\",\"urlTemplate\":\"https:\/\/nova-renovables.com\/?s={search_term_string}\"},\"query-input\":\"required name=search_term_string\"}],\"inLanguage\":\"es\"}]}<\/script>\n<!-- \/ Yoast SEO plugin. -->","yoast_head_json":{"title":"PROYECTOS - Nova Renovables","description":"Algunos de los proyectos de instalaci\u00f3n de placas solares fotovoltaicas realizadas para hogares y empresas en Catalunya.","robots":{"index":"index","follow":"follow","max-snippet":"max-snippet:-1","max-image-preview":"max-image-preview:large","max-video-preview":"max-video-preview:-1"},"canonical":"https:\/\/nova-renovables.com\/es\/proyectos\/","og_locale":"es_ES","og_type":"article","og_title":"PROYECTOS - Nova Renovables","og_description":"Algunos de los proyectos de instalaci\u00f3n de placas solares fotovoltaicas realizadas para hogares y empresas en Catalunya.","og_url":"https:\/\/nova-renovables.com\/es\/proyectos\/","og_site_name":"Nova Renovables","article_publisher":"https:\/\/www.facebook.com\/profile.php?id=100083390712206","article_modified_time":"2023-03-21T14:50:27+00:00","og_image":[{"width":512,"height":512,"url":"https:\/\/nova-renovables.com\/wp-content\/uploads\/2022\/06\/cropped-LOGO-NOVA_Mesa-de-trabajo-1-copia-3.png","type":"image\/png"}],"twitter_card":"summary_large_image","twitter_misc":{"Tiempo de lectura":"2 minutos"},"schema":{"@context":"https:\/\/schema.org","@graph":[{"@type":"WebPage","@id":"https:\/\/nova-renovables.com\/es\/proyectos\/","url":"https:\/\/nova-renovables.com\/es\/proyectos\/","name":"PROYECTOS - Nova Renovables","isPartOf":{"@id":"https:\/\/nova-renovables.com\/#website"},"datePublished":"2022-06-28T10:23:00+00:00","dateModified":"2023-03-21T14:50:27+00:00","description":"Algunos de los proyectos de instalaci\u00f3n de placas solares fotovoltaicas realizadas para hogares y empresas en Catalunya.","breadcrumb":{"@id":"https:\/\/nova-renovables.com\/es\/proyectos\/#breadcrumb"},"inLanguage":"es","potentialAction":[{"@type":"ReadAction","target":["https:\/\/nova-renovables.com\/es\/proyectos\/"]}]},{"@type":"BreadcrumbList","@id":"https:\/\/nova-renovables.com\/es\/proyectos\/#breadcrumb","itemListElement":[{"@type":"ListItem","position":1,"name":"Inici","item":"https:\/\/nova-renovables.com\/es\/"},{"@type":"ListItem","position":2,"name":"PROYECTOS"}]},{"@type":"WebSite","@id":"https:\/\/nova-renovables.com\/#website","url":"https:\/\/nova-renovables.com\/","name":"Nova Renovables","description":"Empresa de energ\u00eda solar. Instalaci\u00f3n de placas solares fotovoltaicas para autoconsumo, bater\u00edas, cargador de coche el\u00e9ctrico, aerotermia, consultor\u00eda energ\u00e9tica.","potentialAction":[{"@type":"SearchAction","target":{"@type":"EntryPoint","urlTemplate":"https:\/\/nova-renovables.com\/?s={search_term_string}"},"query-input":"required name=search_term_string"}],"inLanguage":"es"}]}},"_links":{"self":[{"href":"https:\/\/nova-renovables.com\/es\/wp-json\/wp\/v2\/pages\/1068","targetHints":{"allow":["GET"]}}],"collection":[{"href":"https:\/\/nova-renovables.com\/es\/wp-json\/wp\/v2\/pages"}],"about":[{"href":"https:\/\/nova-renovables.com\/es\/wp-json\/wp\/v2\/types\/page"}],"author":[{"embeddable":true,"href":"https:\/\/nova-renovables.com\/es\/wp-json\/wp\/v2\/users\/1"}],"replies":[{"embeddable":true,"href":"https:\/\/nova-renovables.com\/es\/wp-json\/wp\/v2\/comments?post=1068"}],"version-history":[{"count":6,"href":"https:\/\/nova-renovables.com\/es\/wp-json\/wp\/v2\/pages\/1068\/revisions"}],"predecessor-version":[{"id":2720,"href":"https:\/\/nova-renovables.com\/es\/wp-json\/wp\/v2\/pages\/1068\/revisions\/2720"}],"wp:featuredmedia":[{"embeddable":true,"href":"https:\/\/nova-renovables.com\/es\/wp-json\/wp\/v2\/media\/999"}],"wp:attachment":[{"href":"https:\/\/nova-renovables.com\/es\/wp-json\/wp\/v2\/media?parent=1068"}],"curies":[{"name":"wp","href":"https:\/\/api.w.org\/{rel}","templated":true}]}}